{"id":3560,"date":"2022-09-16T11:32:22","date_gmt":"2022-09-16T08:32:22","guid":{"rendered":"http:\/\/pamperis.gr\/pdf-files\/"},"modified":"2022-11-02T13:03:28","modified_gmt":"2022-11-02T10:03:28","slug":"pdf-files","status":"publish","type":"page","link":"https:\/\/pamperis.gr\/en\/pdf-files\/","title":{"rendered":"PDF Files"},"content":{"rendered":"<div class=\"fusion-fullwidth fullwidth-box fusion-builder-row-1 fusion-flex-container has-pattern-background has-mask-background nonhundred-percent-fullwidth non-hundred-percent-height-scrolling\" style=\"background-color: rgba(255,255,255,0);background-position: center center;background-repeat: no-repeat;border-width: 0px 0px 0px 0px;border-color:var(--awb-color3);border-style:solid;\" ><div class=\"fusion-builder-row fusion-row fusion-flex-align-items-flex-start\" style=\"max-width:1248px;margin-left: calc(-4% \/ 2 );margin-right: calc(-4% \/ 2 );\"><div class=\"fusion-layout-column fusion_builder_column fusion-builder-column-0 fusion_builder_column_1_1 1_1 fusion-flex-column\"><div class=\"fusion-column-wrapper fusion-flex-justify-content-flex-start fusion-content-layout-column\" style=\"background-position:left top;background-repeat:no-repeat;-webkit-background-size:cover;-moz-background-size:cover;-o-background-size:cover;background-size:cover;padding: 0px 0px 0px 0px;\"><ul class=\"fusion-checklist fusion-checklist-1\" style=\"font-size:16px;line-height:27.2px;\"><li style=\"background-color:rgba(255,255,255,0);\" class=\"fusion-li-item\"><span style=\"background-color:var(--awb-color4);font-size:14.08px;height:27.2px;width:27.2px;margin-right:11.2px;\" class=\"icon-wrapper circle-yes\"><i class=\"fusion-li-icon fa-file fas\" style=\"color:var(--awb-color1);\" aria-hidden=\"true\"><\/i><\/span><div class=\"fusion-li-item-content\" style=\"margin-left:38.4px;color:var(--awb-color8);\">\n<p><strong><span class=\"style\">PAMPERIS, LAZAROS N.<\/span>:<\/strong> The presence of Proterebia afra (Fabricius, 1787) (Lepidoptera: Satyridae) in the Rhod\u00f3pe Mts, NE. Greece. Entomologist\u2019s Gazette (2011) Vol. 62, Number 1: 236.<\/p>\n<\/div><\/li><li style=\"background-color:rgba(255,255,255,0);\" class=\"fusion-li-item\"><span style=\"background-color:var(--awb-color4);font-size:14.08px;height:27.2px;width:27.2px;margin-right:11.2px;\" class=\"icon-wrapper circle-yes\"><i class=\"fusion-li-icon fa-file fas\" style=\"color:var(--awb-color1);\" aria-hidden=\"true\"><\/i><\/span><div class=\"fusion-li-item-content\" style=\"margin-left:38.4px;color:var(--awb-color8);\">\n<p><strong><span class=\"style\">PAMPERIS, LAZAROS N<\/span>.:<\/strong> Interegeneric pairings of butterflies (Lepidoptera: Nymphalidae) in Greece. Entomologist\u2019s Gazette (2012) Vol. 63, Number 1: 52-53.<\/p>\n<\/div><\/li><li style=\"background-color:rgba(255,255,255,0);\" class=\"fusion-li-item\"><span style=\"background-color:var(--awb-color4);font-size:14.08px;height:27.2px;width:27.2px;margin-right:11.2px;\" class=\"icon-wrapper circle-yes\"><i class=\"fusion-li-icon fa-file fas\" style=\"color:var(--awb-color1);\" aria-hidden=\"true\"><\/i><\/span><div class=\"fusion-li-item-content\" style=\"margin-left:38.4px;color:var(--awb-color8);\">\n<p class=\"Title\"><strong><span class=\"style\">PAMPERIS, LAZAROS N<\/span>.:<\/strong> Pairing of a male Melanargia galathea (Linaeus, 1758) (Lepidoptera: Nymphalidae, Satyrinae) with a female that was presumably displaying thanatosis Entomologist\u2019s Gazette (2012), Vol. 63, Number 2: 115.<\/p>\n<\/div><\/li><li style=\"background-color:rgba(255,255,255,0);\" class=\"fusion-li-item\"><span style=\"background-color:var(--awb-color4);font-size:14.08px;height:27.2px;width:27.2px;margin-right:11.2px;\" class=\"icon-wrapper circle-yes\"><i class=\"fusion-li-icon fa-file fas\" style=\"color:var(--awb-color1);\" aria-hidden=\"true\"><\/i><\/span><div class=\"fusion-li-item-content\" style=\"margin-left:38.4px;color:var(--awb-color8);\">\n<p class=\"Title\">COUTSIS JOHN and <strong><span class=\"style\">PAMPERIS, LAZAROS N<\/span>.:<\/strong> Interegeneric homosexual butterfly pairings of butterflies (Lepidoptera: Nymphalidae, Satyrinae). Entomologist\u2019s Gazette (2012) Vol. 63, Number 3: 146.<\/p>\n<\/div><\/li><li style=\"background-color:rgba(255,255,255,0);\" class=\"fusion-li-item\"><span style=\"background-color:var(--awb-color4);font-size:14.08px;height:27.2px;width:27.2px;margin-right:11.2px;\" class=\"icon-wrapper circle-yes\"><i class=\"fusion-li-icon fa-file fas\" style=\"color:var(--awb-color1);\" aria-hidden=\"true\"><\/i><\/span><div class=\"fusion-li-item-content\" style=\"margin-left:38.4px;color:var(--awb-color8);\">\n<p class=\"Title\"><strong><span class=\"style\">PAMPERIS, LAZAROS N<\/span>.:<\/strong> An unusual aberrant female of Erebia ottomana (Lepidoptera: Nymphalidae, Satyrinae) from Greece. Entomologist\u2019s Gazette (2013) Vol. 64, Number 1: 41-42.<\/p>\n<\/div><\/li><li style=\"background-color:rgba(255,255,255,0);\" class=\"fusion-li-item\"><span style=\"background-color:var(--awb-color4);font-size:14.08px;height:27.2px;width:27.2px;margin-right:11.2px;\" class=\"icon-wrapper circle-yes\"><i class=\"fusion-li-icon fa-file fas\" style=\"color:var(--awb-color1);\" aria-hidden=\"true\"><\/i><\/span><div class=\"fusion-li-item-content\" style=\"margin-left:38.4px;color:var(--awb-color8);\">\n<p class=\"Title\"><strong><span class=\"style\">PAMPERIS, LAZAROS N<\/span>.:<\/strong> An unusual pairing of Melanargia larissa (Geyer, 1828) (Lepidoptera: Nymphalidae, Satyrinae) in Greece. Entomologist\u2019s Gazette (2014) Vol. 65, Number 1: 10<\/p>\n<\/div><\/li><li style=\"background-color:rgba(255,255,255,0);\" class=\"fusion-li-item\"><span style=\"background-color:var(--awb-color4);font-size:14.08px;height:27.2px;width:27.2px;margin-right:11.2px;\" class=\"icon-wrapper circle-yes\"><i class=\"fusion-li-icon fa-file fas\" style=\"color:var(--awb-color1);\" aria-hidden=\"true\"><\/i><\/span><div class=\"fusion-li-item-content\" style=\"margin-left:38.4px;color:var(--awb-color8);\">\n<p class=\"Title\">ZOGRAFOU K., KATI V., GRILL A., WILSON R.J., TZIRKALLI E., <strong><span class=\"style\">PAMPERIS L<\/span><\/strong>. AND HALLEY J.: (2014) Signals of Climate Change in Butterfly Communities in a Mediterranean Protected Area. PLoS<\/p>\n<p>ONE 9(1): e87245. doi:10.1371\/journal.pone.0087245<\/p>\n<\/div><\/li><li style=\"background-color:rgba(255,255,255,0);\" class=\"fusion-li-item\"><span style=\"background-color:var(--awb-color4);font-size:14.08px;height:27.2px;width:27.2px;margin-right:11.2px;\" class=\"icon-wrapper circle-yes\"><i class=\"fusion-li-icon fa-file fas\" style=\"color:var(--awb-color1);\" aria-hidden=\"true\"><\/i><\/span><div class=\"fusion-li-item-content\" style=\"margin-left:38.4px;color:var(--awb-color8);\">\n<p class=\"Title\">TZIRKALLI ELLI, HRISTOS T. ANASTASSI, NIKOLAOS G. EMMANOUEL, NIKOS GAVALAS, CHRISTINA KASSARA, <span class=\"style\">LAZAROS PAMPERIS<\/span>, KELLY PAPAPAVLOU, OLGA TZORTZAKAKI, KONSTANTINA ZOGRAFOU, VASSILIKI KATI: A NOVEL BUTTERFLY MONITORING SCHEME IN GREECE, <a title=\"http:\/\/www.researchgate.net\/publication\/280839424\" href=\"http:\/\/www.researchgate.net\/publication\/280839424\">http:\/\/www.researchgate.net\/publication\/280839424<\/a> CONFERENCE PAPER \u00b7 AUGUST 2015 ECCB 2015 Poster butterflies<\/p>\n<\/div><\/li><li style=\"background-color:rgba(255,255,255,0);\" class=\"fusion-li-item\"><span style=\"background-color:var(--awb-color4);font-size:14.08px;height:27.2px;width:27.2px;margin-right:11.2px;\" class=\"icon-wrapper circle-yes\"><i class=\"fusion-li-icon fa-file fas\" style=\"color:var(--awb-color1);\" aria-hidden=\"true\"><\/i><\/span><div class=\"fusion-li-item-content\" style=\"margin-left:38.4px;color:var(--awb-color8);\">\n<p class=\"Title\">NUMA, C., VAN SWAAY, C., WYNHOFF, I., WIEMERS, M., BARRIOS, V., ALLEN, D., SAYER, C., L\u00d3PEZ MUNGUIRA, M., BALLETTO, E., BENYAMINI, D., BESHKOV, S., BONELLI, S., CARUANA, R., DAPPORTO, L., FRANETA, F., GARCIA-PEREIRA, KARA\u00c7ETIN, E., KATBEH-BADER, A., MAES, D., MICEVSKI, N., MILLER, R., MONTEIRO, E., MOULAI, R., NIETO, A., <span class=\"style\">PAMPERIS, L<\/span>., PE\u2019ER, G., POWER, A., \u0160A\u0160I\u0106, M., THOMPSON, K., TZIRKALLI, E., VEROVNIK, R., WARREN, M. AND WELCH, H. (2016). The status and distribution of Mediterranean butterflies. IUCN, Malaga, Spain. x + 32 pp.<\/p>\n<p class=\"Title\"><a title=\"https:\/\/www.iucn.org\/es\/content\/status-and-distribution-mediterranean-butterflies\" href=\"https:\/\/www.iucn.org\/es\/content\/status-and-distribution-mediterranean-butterflies\">https:\/\/www.iucn.org\/es\/content\/status-and-distribution-mediterranean-butterflies<\/a><\/p>\n<\/div><\/li><li style=\"background-color:rgba(255,255,255,0);\" class=\"fusion-li-item\"><span style=\"background-color:var(--awb-color4);font-size:14.08px;height:27.2px;width:27.2px;margin-right:11.2px;\" class=\"icon-wrapper circle-yes\"><i class=\"fusion-li-icon fa-file fas\" style=\"color:var(--awb-color1);\" aria-hidden=\"true\"><\/i><\/span><div class=\"fusion-li-item-content\" style=\"margin-left:38.4px;color:var(--awb-color8);\">\n<p class=\"Title\"><strong><span class=\"style\">PAMPERIS LAZAROS<\/span>:<\/strong> The Butterflies of Greece. Second edition revised and enlarged. Editions Pamperis 766 p., 2009.<\/p>\n<p class=\"Title\">In page 287 Plate 3.5.5 should be replaced as <a href=\"http:\/\/pamperis.gr\/wp-content\/uploads\/2022\/09\/Figure-3.5.5-improvement-in-color.pdf\" target=\"_blank\" rel=\"noopener\">HERE, <img decoding=\"async\" class=\"alignnone wp-image-1190\" src=\"http:\/\/pamperis.gr\/wp-content\/uploads\/2022\/09\/PDF_file_icon.svg.png\" alt=\"\" width=\"20\" height=\"25\" \/><\/a><\/p>\n<\/div><\/li><li style=\"background-color:rgba(255,255,255,0);\" class=\"fusion-li-item\"><span style=\"background-color:var(--awb-color4);font-size:14.08px;height:27.2px;width:27.2px;margin-right:11.2px;\" class=\"icon-wrapper circle-yes\"><i class=\"fusion-li-icon fa-file fas\" style=\"color:var(--awb-color1);\" aria-hidden=\"true\"><\/i><\/span><div class=\"fusion-li-item-content\" style=\"margin-left:38.4px;color:var(--awb-color8);\">\n<p class=\"Title\"><span class=\"style\">PAMPERIS LAZAROS<\/span>: The Butterflies of Greece. Second edition revised and enlarged. Editions Pamperis 766 p., 2009.<\/p>\n<p class=\"Title\">In page 700 Plate 4.3 should be replaced as <a href=\"http:\/\/pamperis.gr\/wp-content\/uploads\/2022\/09\/%CE%A0%CE%99%CE%9D%CE%91%CE%9A%CE%91%CE%A3-4.3-TABLE-4.3-revised.pdf\" target=\"_blank\" rel=\"noopener\">HERE <img decoding=\"async\" class=\"alignnone wp-image-1190\" src=\"http:\/\/pamperis.gr\/wp-content\/uploads\/2022\/09\/PDF_file_icon.svg.png\" alt=\"\" width=\"20\" height=\"25\" \/><\/a><\/p>\n<\/div><\/li><li style=\"background-color:rgba(255,255,255,0);\" class=\"fusion-li-item\"><span style=\"background-color:var(--awb-color4);font-size:14.08px;height:27.2px;width:27.2px;margin-right:11.2px;\" class=\"icon-wrapper circle-yes\"><i class=\"fusion-li-icon fa-file fas\" style=\"color:var(--awb-color1);\" aria-hidden=\"true\"><\/i><\/span><div class=\"fusion-li-item-content\" style=\"margin-left:38.4px;color:var(--awb-color8);\">\n<p class=\"Title\"><strong><span class=\"style\">PAMPERIS<\/span>, <span class=\"style\">LAZAROS N<\/span>.:<\/strong> The Butterflies of Greece, and a selection of photographs for identification of the 237 butterflies of Greece in the field. Application (for Anroid and iOS) in Google Play and App Store <a title=\"http:\/\/www.pamperis.gr\/btf_site\/\" href=\"http:\/\/www.pamperis.gr\/btf_site\/\">http:\/\/www.pamperis.gr\/btf_site\/<\/a> (October 2016).<\/p>\n<p class=\"Title\">The Butterflies of Greece, the Book. Second edition with Addenda and Corrigenda. Application (for Android, Windows and iOS) in Google Play, Microsoft Store and App Store <a title=\"http:\/\/www.pamperis.gr\/btf_site\/\" href=\"http:\/\/www.pamperis.gr\/btf_site\/\">http:\/\/www.pamperis.gr\/btf_site\/<\/a> (January 2017).<\/p>\n<p><img decoding=\"async\" class=\"alignnone size-full wp-image-2417\" src=\"http:\/\/pamperis.gr\/wp-content\/uploads\/2022\/09\/Screen-Shot-2017-01-17-at-10.50.57_1.jpg\" alt=\"\" width=\"60\" height=\"60\" \/> <img decoding=\"async\" class=\"alignnone size-full wp-image-2415\" src=\"http:\/\/pamperis.gr\/wp-content\/uploads\/2022\/09\/2016-10-15-09.46.35_1.jpg\" alt=\"\" width=\"65\" height=\"59\" \/> <img decoding=\"async\" class=\"alignnone size-full wp-image-2413\" src=\"http:\/\/pamperis.gr\/wp-content\/uploads\/2022\/09\/2016-10-15-09.50.14_1.jpg\" alt=\"\" width=\"65\" height=\"65\" \/><\/p>\n<\/div><\/li><li style=\"background-color:rgba(255,255,255,0);\" class=\"fusion-li-item\"><span style=\"background-color:var(--awb-color4);font-size:14.08px;height:27.2px;width:27.2px;margin-right:11.2px;\" class=\"icon-wrapper circle-yes\"><i class=\"fusion-li-icon fa-file fas\" style=\"color:var(--awb-color1);\" aria-hidden=\"true\"><\/i><\/span><div class=\"fusion-li-item-content\" style=\"margin-left:38.4px;color:var(--awb-color8);\">\n<p class=\"Title\"><strong><span class=\"style\">PAMPERIS, LAZAROS N<\/span>.:<\/strong> THE BUTTERFLIES OF GREECE: An update of distribution Maps, Plates and Diagrams 3.3, in Map 3.4 are presented (in page 40 of the second edition of the book THE BUTTERFLIES OF GREECE, 2009), in Chart 4.15 (in page 736) and in Chart 4.16 (in page 738). See PDF <a href=\"https:\/\/pamperis.gr\/en\/update-of-maps-of-distribution\/\">in<\/a><\/p>\n<\/div><\/li><li style=\"background-color:rgba(255,255,255,0);\" class=\"fusion-li-item\"><span style=\"background-color:var(--awb-color4);font-size:14.08px;height:27.2px;width:27.2px;margin-right:11.2px;\" class=\"icon-wrapper circle-yes\"><i class=\"fusion-li-icon fa-file fas\" style=\"color:var(--awb-color1);\" aria-hidden=\"true\"><\/i><\/span><div class=\"fusion-li-item-content\" style=\"margin-left:38.4px;color:var(--awb-color8);\">\n<p class=\"Title\"><strong><span class=\"style\">PAMPERIS, LAZAROS N<\/span>.:<\/strong> THE BUTTERFLIES OF GREECE: The new Maps 3.3&#8242; (of distribution of species) are presented, the new Map 3.4&#8242; (as in the page 40 of the second edition of the book THE BUTTERFLIES OF GREECE, 2009), the new Chart 4.15&#8242; (as in page 736 and the new Chart 4.16&#8242; (as in page 738). See PDF <a href=\"https:\/\/pamperis.gr\/en\/update-of-maps-of-distribution\/\">in<\/a><\/p>\n<p><img decoding=\"async\" class=\"alignnone size-full wp-image-483\" src=\"http:\/\/pamperis.gr\/wp-content\/uploads\/2022\/05\/2018-update.jpg\" alt=\"\" width=\"331\" height=\"312\" srcset=\"https:\/\/pamperis.gr\/wp-content\/uploads\/2022\/05\/2018-update-200x189.jpg 200w, https:\/\/pamperis.gr\/wp-content\/uploads\/2022\/05\/2018-update-300x283.jpg 300w, https:\/\/pamperis.gr\/wp-content\/uploads\/2022\/05\/2018-update.jpg 331w\" sizes=\"(max-width: 331px) 100vw, 331px\" \/> <img decoding=\"async\" class=\"alignnone size-full wp-image-449\" src=\"http:\/\/pamperis.gr\/wp-content\/uploads\/2022\/05\/2018.jpg\" alt=\"\" width=\"301\" height=\"234\" srcset=\"https:\/\/pamperis.gr\/wp-content\/uploads\/2022\/05\/2018-200x155.jpg 200w, https:\/\/pamperis.gr\/wp-content\/uploads\/2022\/05\/2018.jpg 301w\" sizes=\"(max-width: 301px) 100vw, 301px\" \/><\/p>\n<\/div><\/li><li style=\"background-color:rgba(255,255,255,0);\" class=\"fusion-li-item\"><span style=\"background-color:var(--awb-color4);font-size:14.08px;height:27.2px;width:27.2px;margin-right:11.2px;\" class=\"icon-wrapper circle-yes\"><i class=\"fusion-li-icon fa-file fas\" style=\"color:var(--awb-color1);\" aria-hidden=\"true\"><\/i><\/span><div class=\"fusion-li-item-content\" style=\"margin-left:38.4px;color:var(--awb-color8);\">\n<p><strong><span class=\"style\">PAMPERIS, LAZAROS N<\/span>.:<\/strong> An unusual aberrant female of Pseudochazara mniszechii (Brown, 1980), (Lep.: Nymphalidae: Satyrinae). May June 2018, Volume 130 Part 3: 138.<\/p>\n<\/div><\/li><li style=\"background-color:rgba(255,255,255,0);\" class=\"fusion-li-item\"><span style=\"background-color:var(--awb-color4);font-size:14.08px;height:27.2px;width:27.2px;margin-right:11.2px;\" class=\"icon-wrapper circle-yes\"><i class=\"fusion-li-icon fa-file fas\" style=\"color:var(--awb-color1);\" aria-hidden=\"true\"><\/i><\/span><div class=\"fusion-li-item-content\" style=\"margin-left:38.4px;color:var(--awb-color8);\">\n<p class=\"Title\"><span class=\"style\"><strong>PAMPERIS, LAZAROS N.:<\/strong> <\/span>An update of distribution Maps, Plates and Diagrams 3.3, in Map 3.4 are presented (in page 40 of the second edition of the book THE BUTTERFLIES OF GREECE, 2009), in Chart 4.15 (in page 736) and in Chart 4.16 (in page 738). See PDF in See PDF <a href=\"https:\/\/pamperis.gr\/en\/update-of-maps-of-distribution\/\">here<\/a> (1 \u0399 2019).<\/p>\n<p><img decoding=\"async\" class=\"alignnone size-full wp-image-487\" src=\"http:\/\/pamperis.gr\/wp-content\/uploads\/2022\/05\/2019-update.jpg\" alt=\"\" width=\"342\" height=\"293\" srcset=\"https:\/\/pamperis.gr\/wp-content\/uploads\/2022\/05\/2019-update-200x171.jpg 200w, https:\/\/pamperis.gr\/wp-content\/uploads\/2022\/05\/2019-update-300x257.jpg 300w, https:\/\/pamperis.gr\/wp-content\/uploads\/2022\/05\/2019-update.jpg 342w\" sizes=\"(max-width: 342px) 100vw, 342px\" \/> <img decoding=\"async\" class=\"alignnone size-full wp-image-459\" src=\"http:\/\/pamperis.gr\/wp-content\/uploads\/2022\/05\/2019.jpg\" alt=\"\" width=\"368\" height=\"297\" srcset=\"https:\/\/pamperis.gr\/wp-content\/uploads\/2022\/05\/2019-177x142.jpg 177w, https:\/\/pamperis.gr\/wp-content\/uploads\/2022\/05\/2019-200x161.jpg 200w, https:\/\/pamperis.gr\/wp-content\/uploads\/2022\/05\/2019-300x242.jpg 300w, https:\/\/pamperis.gr\/wp-content\/uploads\/2022\/05\/2019.jpg 368w\" sizes=\"(max-width: 368px) 100vw, 368px\" \/><\/p>\n<\/div><\/li><li style=\"background-color:rgba(255,255,255,0);\" class=\"fusion-li-item\"><span style=\"background-color:var(--awb-color4);font-size:14.08px;height:27.2px;width:27.2px;margin-right:11.2px;\" class=\"icon-wrapper circle-yes\"><i class=\"fusion-li-icon fa-file fas\" style=\"color:var(--awb-color1);\" aria-hidden=\"true\"><\/i><\/span><div class=\"fusion-li-item-content\" style=\"margin-left:38.4px;color:var(--awb-color8);\">\n<p class=\"Title\"><strong><span class=\"style\">THE<\/span> <span class=\"style\">BUTTERFLIES OF GREECE<\/span><\/strong><\/p>\n<p class=\"Title\">Details of the wings useful for identification in the field<\/p>\n<p class=\"Title\">YOU CAN FIND PDF HERE \u03a4\u039f PDF <a href=\"http:\/\/pamperis.gr\/wp-content\/uploads\/2022\/09\/THE-BUTTERFLIES-OF-GREECE-DETAILS-OF-THE-WINGS-1-I-2019.pdf\">HERE<\/a><\/p>\n<p><img decoding=\"async\" class=\"alignnone size-full wp-image-2445\" src=\"http:\/\/pamperis.gr\/wp-content\/uploads\/2022\/09\/Screenshot-2019-01-05-at-10.34.33.jpg\" alt=\"\" width=\"299\" height=\"421\" srcset=\"https:\/\/pamperis.gr\/wp-content\/uploads\/2022\/09\/Screenshot-2019-01-05-at-10.34.33-200x282.jpg 200w, https:\/\/pamperis.gr\/wp-content\/uploads\/2022\/09\/Screenshot-2019-01-05-at-10.34.33-213x300.jpg 213w, https:\/\/pamperis.gr\/wp-content\/uploads\/2022\/09\/Screenshot-2019-01-05-at-10.34.33.jpg 299w\" sizes=\"(max-width: 299px) 100vw, 299px\" \/> <img decoding=\"async\" class=\"alignnone size-full wp-image-2447\" src=\"http:\/\/pamperis.gr\/wp-content\/uploads\/2022\/09\/Screenshot-2019-01-05-at-10.34.46.jpg\" alt=\"\" width=\"301\" height=\"422\" srcset=\"https:\/\/pamperis.gr\/wp-content\/uploads\/2022\/09\/Screenshot-2019-01-05-at-10.34.46-200x280.jpg 200w, https:\/\/pamperis.gr\/wp-content\/uploads\/2022\/09\/Screenshot-2019-01-05-at-10.34.46-214x300.jpg 214w, https:\/\/pamperis.gr\/wp-content\/uploads\/2022\/09\/Screenshot-2019-01-05-at-10.34.46.jpg 301w\" sizes=\"(max-width: 301px) 100vw, 301px\" \/><\/p>\n<\/div><\/li><li style=\"background-color:rgba(255,255,255,0);\" class=\"fusion-li-item\"><span style=\"background-color:var(--awb-color4);font-size:14.08px;height:27.2px;width:27.2px;margin-right:11.2px;\" class=\"icon-wrapper circle-yes\"><i class=\"fusion-li-icon fa-file fas\" style=\"color:var(--awb-color1);\" aria-hidden=\"true\"><\/i><\/span><div class=\"fusion-li-item-content\" style=\"margin-left:38.4px;color:var(--awb-color8);\">\n<p>Maes D, Verovnik R, Wiemers M, Brosens D, Beshkov S, Bonelli S, Buszko J, Cant\u00fa Salazar L, Cassar LF, Collins S, Dinc\u0103 V, Djuric M, Dusej G, Elven H, Franeta F, Garcia Pereira P, Geryak Y, Goffart P, G\u00f3r A, Hiermann U, H\u00f6ttinger H, Huemer P, Jak\u0161i\u0107 P, John E, Kalivoda H, Kati V, Komac B, K\u0151r\u00f6si A, Kulak AV, Kuussaari M, L\u2019Hoste L, Lelo S, Mestdagh X, Micevski N, Mihut S, Monasterio Le\u00f3n Y, Munguira ML, Murray T, Nielsen PS, \u00d3lafsson E, \u00d5unap E, <strong><span class=\"style\">Pamperis L<\/span><\/strong>, Pavl\u00ed\u010dko A, Pettersson LB, Popov S, Popovi\u0107 M, Ryrholm N, \u0160a\u0161i\u0107 M, P\u00f6yry J, Savenkov N, Settele J, Sielezniew M, Sinev S, Stefanescu C, \u0160vitra G, Tammaru T, Tiitsaar A, Tzirkalli E, Tzortzakaki O, van Swaay CAM, Viborg AL, Wynhoff I, Zografou K, Warren MS (submitted) Integrating national Red Lists for prioritising conservation actions for European butterflies. Journal of Insect Conservation. 2019 doi:10.1007\/s10841-019-00127-z<\/p>\n<\/div><\/li><li style=\"background-color:rgba(255,255,255,0);\" class=\"fusion-li-item\"><span style=\"background-color:var(--awb-color4);font-size:14.08px;height:27.2px;width:27.2px;margin-right:11.2px;\" class=\"icon-wrapper circle-yes\"><i class=\"fusion-li-icon fa-file fas\" style=\"color:var(--awb-color1);\" aria-hidden=\"true\"><\/i><\/span><div class=\"fusion-li-item-content\" style=\"margin-left:38.4px;color:var(--awb-color8);\">\n<p class=\"Title\"><span class=\"style\">PAMPERIS,<\/span> <span class=\"style\">LAZAROS N<\/span>.: THE BUTTERFLIES OF GREECE: The new Maps 3.3&#8221; (of distribution of species) are presented and the new Chart 4.15&#8221; , as in the page 736 of the second edition of the book (1 \u0399 2020).<\/p>\n<p class=\"Title\">See PDF in <a title=\"New_Maps_of_Distribution_ETRS89_with_Area_of_Occupancy_1x1km.html\" href=\"https:\/\/pamperis.gr\/en\/new-maps-of-distribution-etrs89-with-area-of-occupancy-1x1km\/\">link<\/a><\/p>\n<\/div><\/li><\/ul><div style=\"text-align:center;\"><span class=\" fusion-imageframe imageframe-none imageframe-1 hover-type-none\"><img decoding=\"async\" width=\"626\" height=\"515\" title=\"Screenshot 2019-12-29 at 19.08.23\" src=\"http:\/\/pamperis.gr\/wp-content\/uploads\/2022\/09\/Screenshot-2019-12-29-at-19.08.23.jpg\" alt class=\"img-responsive wp-image-2450\" srcset=\"https:\/\/pamperis.gr\/wp-content\/uploads\/2022\/09\/Screenshot-2019-12-29-at-19.08.23-200x165.jpg 200w, https:\/\/pamperis.gr\/wp-content\/uploads\/2022\/09\/Screenshot-2019-12-29-at-19.08.23-400x329.jpg 400w, https:\/\/pamperis.gr\/wp-content\/uploads\/2022\/09\/Screenshot-2019-12-29-at-19.08.23-600x494.jpg 600w, https:\/\/pamperis.gr\/wp-content\/uploads\/2022\/09\/Screenshot-2019-12-29-at-19.08.23.jpg 626w\" sizes=\"(max-width: 640px) 100vw, 626px\" \/><\/span><\/div><\/div><style type=\"text\/css\">.fusion-body .fusion-builder-column-0{width:100% !important;margin-top : 0px;margin-bottom : 20px;}.fusion-builder-column-0 > .fusion-column-wrapper {padding-top : 0px !important;padding-right : 0px !important;margin-right : 1.92%;padding-bottom : 0px !important;padding-left : 0px !important;margin-left : 1.92%;}@media only screen and (max-width:1024px) {.fusion-body .fusion-builder-column-0{width:100% !important;order : 0;}.fusion-builder-column-0 > .fusion-column-wrapper {margin-right : 1.92%;margin-left : 1.92%;}}@media only screen and (max-width:640px) {.fusion-body .fusion-builder-column-0{width:100% !important;order : 0;}.fusion-builder-column-0 > .fusion-column-wrapper {margin-right : 1.92%;margin-left : 1.92%;}}<\/style><\/div><\/div><style type=\"text\/css\">.fusion-body .fusion-flex-container.fusion-builder-row-1{ padding-top : 0px;margin-top : 0px;padding-right : 0px;padding-bottom : 0px;margin-bottom : 0px;padding-left : 0px;}<\/style><\/div>\n","protected":false},"excerpt":{"rendered":"","protected":false},"author":2,"featured_media":0,"parent":0,"menu_order":0,"comment_status":"closed","ping_status":"closed","template":"","meta":{"footnotes":""},"class_list":["post-3560","page","type-page","status-publish","hentry"],"_links":{"self":[{"href":"https:\/\/pamperis.gr\/en\/wp-json\/wp\/v2\/pages\/3560","targetHints":{"allow":["GET"]}}],"collection":[{"href":"https:\/\/pamperis.gr\/en\/wp-json\/wp\/v2\/pages"}],"about":[{"href":"https:\/\/pamperis.gr\/en\/wp-json\/wp\/v2\/types\/page"}],"author":[{"embeddable":true,"href":"https:\/\/pamperis.gr\/en\/wp-json\/wp\/v2\/users\/2"}],"replies":[{"embeddable":true,"href":"https:\/\/pamperis.gr\/en\/wp-json\/wp\/v2\/comments?post=3560"}],"version-history":[{"count":7,"href":"https:\/\/pamperis.gr\/en\/wp-json\/wp\/v2\/pages\/3560\/revisions"}],"predecessor-version":[{"id":3567,"href":"https:\/\/pamperis.gr\/en\/wp-json\/wp\/v2\/pages\/3560\/revisions\/3567"}],"wp:attachment":[{"href":"https:\/\/pamperis.gr\/en\/wp-json\/wp\/v2\/media?parent=3560"}],"curies":[{"name":"wp","href":"https:\/\/api.w.org\/{rel}","templated":true}]}}